{"id":1291,"date":"2024-07-15T14:22:48","date_gmt":"2024-07-15T14:22:48","guid":{"rendered":"https:\/\/transportmemphre.com\/?page_id=1291"},"modified":"2026-03-18T19:15:25","modified_gmt":"2026-03-18T19:15:25","slug":"home-2","status":"publish","type":"page","link":"https:\/\/transportmemphre.com\/en\/","title":{"rendered":"Home"},"content":{"rendered":"<div class=\"wpb-content-wrapper\"><p>[vc_row css_animation=&#8221;&#8221; row_type=&#8221;row&#8221; use_row_as_full_screen_section=&#8221;no&#8221; type=&#8221;grid&#8221; angled_section=&#8221;no&#8221; text_align=&#8221;left&#8221; background_image_as_pattern=&#8221;without_pattern&#8221; z_index=&#8221;&#8221; el_class=&#8221;over-top-section&#8221;][vc_column offset=&#8221;vc_col-lg-3 vc_col-md-6&#8243;][qode_elements_holder background_color=&#8221;#ffffff&#8221; number_of_columns=&#8221;one_column&#8221; alignment_one_column=&#8221;center&#8221; custom_class=&#8221;eh-with-shadow same-height&#8221;][qode_elements_holder_item vertical_alignment=&#8221;middle&#8221; horizontal_alignment=&#8221;center&#8221; advanced_animations=&#8221;no&#8221; item_padding=&#8221;63px 36px 50px 36px&#8221;][vc_single_image image=&#8221;494&#8243; img_size=&#8221;full&#8221; alignment=&#8221;center&#8221; qode_css_animation=&#8221;&#8221;][vc_empty_space height=&#8221;19px&#8221;][vc_column_text]<\/p>\n<h3 style=\"text-align: center;\">TRANSPORT<\/h3>\n<p>[\/vc_column_text][vc_empty_space height=&#8221;10px&#8221;][vc_column_text]<\/p>\n<p style=\"text-align: center;\">Since 1996, Memphr\u00e9 has been providing road freight services in Quebec and Ontario every day.<\/p>\n<p>[\/vc_column_text][vc_empty_space height=&#8221;43px&#8221;]<a  itemprop=\"url\" href=\"https:\/\/transportmemphre.com\/en\/transport\/\" target=\"_self\" data-hover-background-color='#007d8a'  class=\"qbutton  big_large_full_width default\" style=\"background-color: #00acb5;\">LEARN MORE<\/a>[\/qode_elements_holder_item][\/qode_elements_holder][vc_empty_space height=&#8221;50px&#8221;][\/vc_column][vc_column offset=&#8221;vc_col-lg-3 vc_col-md-6&#8243;][qode_elements_holder background_color=&#8221;#ffffff&#8221; number_of_columns=&#8221;one_column&#8221; alignment_one_column=&#8221;center&#8221; custom_class=&#8221;eh-with-shadow same-height&#8221;][qode_elements_holder_item vertical_alignment=&#8221;middle&#8221; horizontal_alignment=&#8221;center&#8221; advanced_animations=&#8221;no&#8221; item_padding=&#8221;63px 36px 50px 36px&#8221;][vc_single_image image=&#8221;492&#8243; img_size=&#8221;full&#8221; alignment=&#8221;center&#8221; qode_css_animation=&#8221;&#8221;][vc_empty_space height=&#8221;19px&#8221;][vc_column_text]<\/p>\n<h3 style=\"text-align: center;\">WAREHOUSING<\/h3>\n<p>[\/vc_column_text][vc_empty_space height=&#8221;10px&#8221;][vc_column_text]<\/p>\n<p style=\"text-align: center;\">Memphr\u00e9 shares its expertise in logistics management and offers many services designed to increase the flexibility of its industrial and commercial clients.<\/p>\n<p>[\/vc_column_text][vc_empty_space height=&#8221;43px&#8221;]<a  itemprop=\"url\" href=\"https:\/\/transportmemphre.com\/en\/warehousing-and-handling\/\" target=\"_self\"  class=\"qbutton  big_large_full_width default\" style=\"\">LEARN MORE<\/a>[\/qode_elements_holder_item][\/qode_elements_holder][vc_empty_space height=&#8221;50px&#8221;][\/vc_column][vc_column offset=&#8221;vc_col-lg-3 vc_col-md-6&#8243;][qode_elements_holder background_color=&#8221;#ffffff&#8221; number_of_columns=&#8221;one_column&#8221; alignment_one_column=&#8221;center&#8221; custom_class=&#8221;eh-with-shadow same-height&#8221;][qode_elements_holder_item vertical_alignment=&#8221;middle&#8221; horizontal_alignment=&#8221;center&#8221; advanced_animations=&#8221;no&#8221; item_padding=&#8221;63px 36px 50px 36px&#8221;][vc_single_image image=&#8221;493&#8243; img_size=&#8221;full&#8221; alignment=&#8221;center&#8221; qode_css_animation=&#8221;&#8221;][vc_empty_space height=&#8221;19px&#8221;][vc_column_text]<\/p>\n<h3 style=\"text-align: center;\">HANDLING<\/h3>\n<p>[\/vc_column_text][vc_empty_space height=&#8221;10px&#8221;][vc_column_text]<\/p>\n<p style=\"text-align: center;\">We offer warehousing services for commercial and light industrial products in our 200,000 square foot warehouse.<\/p>\n<p>[\/vc_column_text][vc_empty_space height=&#8221;43px&#8221;]<a  itemprop=\"url\" href=\"https:\/\/transportmemphre.com\/en\/warehousing-and-handling\/\" target=\"_self\" data-hover-background-color='#007d8a'  class=\"qbutton  big_large_full_width default\" style=\"background-color: #00acb5;\">Learn more<\/a>[\/qode_elements_holder_item][\/qode_elements_holder][vc_empty_space height=&#8221;50px&#8221;][\/vc_column][vc_column offset=&#8221;vc_col-lg-3 vc_col-md-6&#8243;][qode_elements_holder background_color=&#8221;#ffffff&#8221; number_of_columns=&#8221;one_column&#8221; alignment_one_column=&#8221;center&#8221; custom_class=&#8221;eh-with-shadow same-height-2&#8243;][qode_elements_holder_item vertical_alignment=&#8221;middle&#8221; horizontal_alignment=&#8221;left&#8221; advanced_animations=&#8221;no&#8221; item_padding=&#8221;63px 36px 50px 36px&#8221;][vc_single_image image=&#8221;739&#8243; img_size=&#8221;85X85&#8243; alignment=&#8221;center&#8221; qode_css_animation=&#8221;&#8221;][vc_empty_space height=&#8221;19px&#8221;][vc_column_text css=&#8221;.vc_custom_1684325883935{background-color: #fcfcfc !important;}&#8221;]<\/p>\n<h3 style=\"text-align: center;\">REQUEST A<br \/>\nQUOTATION<\/h3>\n<p>[\/vc_column_text][vc_empty_space height=&#8221;10px&#8221;][vc_column_text]<\/p>\n<p style=\"text-align: center;\">Use our online form or call our customer service department for a free quote.<\/p>\n<p>[\/vc_column_text][vc_empty_space height=&#8221;43px&#8221;]<a  itemprop=\"url\" href=\"https:\/\/transportmemphre.com\/en\/quote\/\" target=\"_self\"  class=\"qbutton  big_large_full_width default\" style=\"\">REQUEST A QUOTE<\/a>[\/qode_elements_holder_item][\/qode_elements_holder][vc_empty_space height=&#8221;50px&#8221;][\/vc_column][\/vc_row][vc_row row_type=&#8221;parallax&#8221; parallax_content_width=&#8221;in_grid&#8221; text_align=&#8221;left&#8221; full_screen_section_height=&#8221;no&#8221; background_image=&#8221;1066&#8243;][vc_column][vc_empty_space height=&#8221;100&#8243;][vc_column_text]<\/p>\n<h3><span style=\"color: #ffffff;\">Our customers count on the attention we give to their merchandise and appreciate the effort we put into understanding their reality so that our level of service can meet their needs. Safe transportation of a variety of goods for an equally variety of customers. Goods delivered to the right place at the right time. It&#8217;s a simplicity that requires a lot of flexibility!<\/span><\/h3>\n<p>[\/vc_column_text][vc_empty_space height=&#8221;100&#8243;][\/vc_column][\/vc_row][vc_row css_animation=&#8221;&#8221; row_type=&#8221;row&#8221; use_row_as_full_screen_section=&#8221;no&#8221; type=&#8221;grid&#8221; angled_section=&#8221;no&#8221; text_align=&#8221;left&#8221; background_image_as_pattern=&#8221;without_pattern&#8221; css=&#8221;.vc_custom_1721069770427{padding-top: 75px !important;padding-bottom: 75px !important;background-color: #f9f9f9 !important;}&#8221; z_index=&#8221;&#8221;][vc_column][vc_column_text]<\/p>\n<h2><span class='highlight' style='color: #222222; background-color:transparent;'>Testimonials<\/span><\/h2>\n<p>[\/vc_column_text][vc_empty_space]<div class='testimonials_c_holder clearfix dark'><div class=\"testimonials_c testimonials_c_carousel\" data-show-navigation=\"yes\" data-animation-speed=\"\" data-auto-rotate-slides=\"15\" data-number-per-slide=\"1\"><ul class=\"slides\"><li id=\"testimonials-c-1301\" class=\"testimonial_content\"><div class=\"testimonial_content_inner\"><div class=\"testimonial_text_holder\"><div class=\"testimonial_text_inner\" style=\"\"><p>\" We\u2019ve worked with Memphr\u00e9 multiple times over the past few years to handle some of our warehousing and shipping logistics. They are a pleasure to work with and have been very flexible in accommodating our needs. Quick in communication and reliable in service. We will continue to use Memphr\u00e9 as a trusted business partner.\u201d<\/p><p class=\"testimonial_author\" style=\"font-size: 16px;\">Chelsea Woodward | Assistant Director of Operations HB Chemical Corporation a Ravago Company<\/p><\/div><\/div><\/div><\/li><li id=\"testimonials-c-1300\" class=\"testimonial_content\"><div class=\"testimonial_content_inner\"><div class=\"testimonial_text_holder\"><div class=\"testimonial_text_inner\" style=\"\"><p>\" The efficiency and great care that Memphr\u00e9 offers us through our daily logistics is considered as crucial for our business. \r\n\r\nWe have become excellent partner within the years. \"<\/p><p class=\"testimonial_author\" style=\"font-size: 16px;\">Sasha Montgomery | Director of Customer Service Hailide America, Inc.<\/p><\/div><\/div><\/div><\/li><li id=\"testimonials-c-1299\" class=\"testimonial_content\"><div class=\"testimonial_content_inner\"><div class=\"testimonial_text_holder\"><div class=\"testimonial_text_inner\" style=\"\"><p>\u201cThe excellent management of a large part of our inventory through Memphr\u00e9 has proven to us the importance they have for their customers.\r\nTheir punctuality and professionalism exceeded my expectations, and I highly recommend this service to anyone looking for a storage and transportation solution. \"<\/p><p class=\"testimonial_author\" style=\"font-size: 16px;\">Line Rivet | Gestionnaire de la Logistique du Transport Caf\u00e9 William<\/p><\/div><\/div><\/div><\/li><\/ul><\/div><\/div>[\/vc_column][\/vc_row][vc_row css_animation=&#8221;&#8221; row_type=&#8221;row&#8221; use_row_as_full_screen_section=&#8221;no&#8221; type=&#8221;grid&#8221; angled_section=&#8221;no&#8221; text_align=&#8221;left&#8221; background_image_as_pattern=&#8221;without_pattern&#8221; z_index=&#8221;&#8221;][vc_column][vc_empty_space height=&#8221;75&#8243;][vc_column_text]<\/p>\n<h2><span class='highlight' style='color: #222222; background-color:transparent;'>Memphr\u00e9 for our flexibility!<\/span><\/h2>\n<p>[\/vc_column_text][\/vc_column][\/vc_row][vc_row css_animation=&#8221;&#8221; row_type=&#8221;row&#8221; use_row_as_full_screen_section=&#8221;no&#8221; type=&#8221;grid&#8221; angled_section=&#8221;no&#8221; text_align=&#8221;left&#8221; background_image_as_pattern=&#8221;without_pattern&#8221; z_index=&#8221;&#8221; css=&#8221;.vc_custom_1703098259681{padding-top: 50px !important;padding-bottom: 100px !important;background-image: url(http:\/\/transportmemphre.com\/wp-content\/uploads\/2018\/02\/carte-QC-Ont-USA4.png?id=364) !important;}&#8221;][vc_column offset=&#8221;vc_col-lg-4 vc_col-md-12&#8243;][vc_single_image image=&#8221;977&#8243; img_size=&#8221;full&#8221; qode_css_animation=&#8221;&#8221;][\/vc_column][vc_column offset=&#8221;vc_col-lg-8 vc_col-md-12&#8243;][qode_elements_holder number_of_columns=&#8221;one_column&#8221;][qode_elements_holder_item advanced_animations=&#8221;no&#8221; item_padding=&#8221;0% 17% 5% 0&#8243; item_padding_1024_1280=&#8221;0% 0% 24% 0&#8243; item_padding_768_1024=&#8221;0% 20% 5% 0&#8243;][vc_column_text]Founded in 1996 by Mr. Robert Vincent and Mrs. Rolande Charron, Memphr\u00e9 has gradually established itself in a highly competitive market: road transportation.<\/p>\n<p>&nbsp;<\/p>\n<p>From the operation of a single truck in its modest beginnings, the family business has adapted to the specific needs of a diversified clientele and, in a few years, thanks to the reliability of its services and the loyalty of its clientele, the company has grown and now operates 25 tractor trailers and 50 semi-trailers of 48 and 53 feet. The size of the company allows it to adapt its services to the needs of its customers. Such flexibility is a guarantee of success in a competitive environment and it is with pride that we identify flexibility as a value encouraged within the different levels of the company.<\/p>\n<p>&nbsp;<\/p>\n<p>Memphr\u00e9 offers a wide range of services in industrial warehousing, logistics and freight transportation throughout Quebec and Ontario. A team of specialists in freight transportation and logistics services has been promoting the company&#8217;s values since its founding.<\/p>\n<p>&nbsp;<\/p>\n<p><strong>In 2021, Memphr\u00e9 is handed down to the family succession. In 2023, Simon Fournier, as the sole shareholder, assumes the presidency to guide the company that is in constant evolution towards new developments. The company of 45 employees intends to continue to adapt to the needs of a diversified clientele to ensure inventory management and delivery to the right place, at the right time, in complete safety!<\/strong>[\/vc_column_text][\/qode_elements_holder_item][\/qode_elements_holder][\/vc_column][\/vc_row][vc_row css_animation=&#8221;&#8221; row_type=&#8221;row&#8221; use_row_as_full_screen_section=&#8221;no&#8221; type=&#8221;full_width&#8221; angled_section=&#8221;no&#8221; text_align=&#8221;left&#8221; background_image_as_pattern=&#8221;without_pattern&#8221; css=&#8221;.vc_custom_1704817608659{padding-top: 32px !important;padding-bottom: 50px !important;background-color: #007d8a !important;}&#8221; z_index=&#8221;&#8221;][vc_column][vc_row_inner row_type=&#8221;row&#8221; type=&#8221;grid&#8221; text_align=&#8221;center&#8221; css_animation=&#8221;&#8221;][vc_column_inner width=&#8221;2\/6&#8243;][vc_single_image image=&#8221;286&#8243; img_size=&#8221;full&#8221; qode_css_animation=&#8221;&#8221; css=&#8221;.vc_custom_1522961009684{margin-top: -95px !important;}&#8221;][\/vc_column_inner][vc_column_inner width=&#8221;3\/6&#8243;][vc_column_text css=&#8221;.vc_custom_1712950337628{padding-top: 40px !important;}&#8221;]<\/p>\n<h2><span style=\"color: #ffffff;\">WE ARE HIRING!<\/span><\/h2>\n<p><span style=\"color: #ffffff;\">Our dynamic team is looking for truck drivers, mechanics, forklift operators, dispatchers and office clerks! Want to join us?<br \/>\nApply now. We are waiting for you!<\/span>[\/vc_column_text][vc_empty_space][\/vc_column_inner][vc_column_inner width=&#8221;1\/6&#8243;][vc_empty_space height=&#8221;100px&#8221;]<a  itemprop=\"url\" href=\"https:\/\/transportmemphre.com\/en\/contact\/\" target=\"_self\" data-hover-background-color='#f4ece6' data-hover-color='#007d8a' class=\"qbutton  large center default\" style=\"color: #007d8a; text-transform: uppercase; background-color: #ffffff;\">APPLY NOW<\/a>[vc_empty_space][\/vc_column_inner][\/vc_row_inner][\/vc_column][\/vc_row][vc_row css_animation=&#8221;&#8221; row_type=&#8221;row&#8221; use_row_as_full_screen_section=&#8221;no&#8221; type=&#8221;grid&#8221; angled_section=&#8221;no&#8221; text_align=&#8221;center&#8221; background_image_as_pattern=&#8221;without_pattern&#8221; background_color=&#8221;#ffffff&#8221; z_index=&#8221;&#8221; css=&#8221;.vc_custom_1522957990725{padding-top: 103px !important;}&#8221;][vc_column][vc_column_text]<\/p>\n<h2><span class='highlight' style='color: #222222; background-color:transparent;'>Our <\/span><span class='highlight' style='color: #222222; background-color:transparent;'>partnerships<\/span><\/h2>\n<p>[\/vc_column_text][vc_empty_space height=&#8221;25px&#8221;][qode_elements_holder number_of_columns=&#8221;one_column&#8221;][qode_elements_holder_item advanced_animations=&#8221;no&#8221; item_padding=&#8221;0 10% 0 10%&#8221;][vc_column_text]<\/p>\n<h4>Memphr\u00e9 is proud to be a member of the Association des \u00e9lastom\u00e8res du Qu\u00e9bec, to be certified C-TPAT (Customs-Trade Partnership Against Terrorism), to be a partner of the Christian Vachon Foundation dedicated to supporting perseverance and educational success, and to be recognized by the SAAQ for our preventive maintenance program (PEP).<\/h4>\n<p>[\/vc_column_text][\/qode_elements_holder_item][\/qode_elements_holder][vc_empty_space height=&#8221;50px&#8221;]<div class='qode_carousels_holder clearfix'><div class='qode_carousels' data-number-of-visible-items='4'><ul class='slides'><li class='item'><div class=\"carousel_item_holder\"><span class='first_image_holder '><img decoding=\"async\" itemprop=\"image\" src=\"http:\/\/transportmemphre.com\/wp-content\/uploads\/2023\/12\/logo-chambre-commerce-2.png\" alt=\"carousel image\" \/><\/span><\/div><\/li><li class='item'><div class=\"carousel_item_holder\"><a itemprop='url' href='https:\/\/www.lamarjolaine.info\/' target='_self'><span class='first_image_holder '><img decoding=\"async\" itemprop=\"image\" src=\"https:\/\/transportmemphre.com\/wp-content\/uploads\/2024\/10\/transport-memphre_partenaire_theatre-marjolaine.jpg\" alt=\"carousel image\" \/><\/span><\/a><\/div><\/li><li class='item'><div class=\"carousel_item_holder\"><span class='first_image_holder '><img decoding=\"async\" itemprop=\"image\" src=\"http:\/\/transportmemphre.com\/wp-content\/uploads\/2023\/12\/logo-fondation.png\" alt=\"carousel image\" \/><\/span><\/div><\/li><li class='item'><div class=\"carousel_item_holder\"><span class='first_image_holder '><img decoding=\"async\" itemprop=\"image\" src=\"http:\/\/transportmemphre.com\/wp-content\/uploads\/2023\/12\/logo-aeq.png\" alt=\"carousel image\" \/><\/span><\/div><\/li><\/ul><\/div><\/div>[vc_empty_space height=&#8221;50px&#8221;][\/vc_column][\/vc_row]<\/p>\n<\/div>","protected":false},"excerpt":{"rendered":"<p>[vc_row css_animation=&#8221;&#8221; row_type=&#8221;row&#8221; use_row_as_full_screen_section=&#8221;no&#8221; type=&#8221;grid&#8221; angled_section=&#8221;no&#8221; text_align=&#8221;left&#8221; background_image_as_pattern=&#8221;without_pattern&#8221; z_index=&#8221;&#8221; el_class=&#8221;over-top-section&#8221;][vc_column offset=&#8221;vc_col-lg-3 vc_col-md-6&#8243;][qode_elements_holder background_color=&#8221;#ffffff&#8221; number_of_columns=&#8221;one_column&#8221; alignment_one_column=&#8221;center&#8221; custom_class=&#8221;eh-with-shadow same-height&#8221;][qode_elements_holder_item vertical_alignment=&#8221;middle&#8221; horizontal_alignment=&#8221;center&#8221; advanced_animations=&#8221;no&#8221; item_padding=&#8221;63px 36px 50px 36px&#8221;][vc_single_image image=&#8221;494&#8243; img_size=&#8221;full&#8221; alignment=&#8221;center&#8221; qode_css_animation=&#8221;&#8221;][vc_empty_space height=&#8221;19px&#8221;][vc_column_text] TRANSPORT [\/vc_column_text][vc_empty_space height=&#8221;10px&#8221;][vc_column_text] Since 1996, Memphr\u00e9&#8230;<\/p>\n","protected":false},"author":1,"featured_media":0,"parent":0,"menu_order":0,"comment_status":"closed","ping_status":"closed","template":"full_width.php","meta":{"_exactmetrics_skip_tracking":false,"_exactmetrics_sitenote_active":false,"_exactmetrics_sitenote_note":"","_exactmetrics_sitenote_category":0,"footnotes":""},"class_list":["post-1291","page","type-page","status-publish","hentry"],"yoast_head":"<!-- This site is optimized with the Yoast SEO plugin v21.8 - https:\/\/yoast.com\/wordpress\/plugins\/seo\/ -->\n<title>Home - Transport Memphr\u00e9<\/title>\n<meta name=\"robots\" content=\"index, follow, max-snippet:-1, max-image-preview:large, max-video-preview:-1\" \/>\n<link rel=\"canonical\" href=\"https:\/\/transportmemphre.com\/en\/\" \/>\n<meta property=\"og:locale\" content=\"en_US\" \/>\n<meta property=\"og:type\" content=\"article\" \/>\n<meta property=\"og:title\" content=\"Home - Transport Memphr\u00e9\" \/>\n<meta property=\"og:description\" content=\"[vc_row css_animation=&#8221;&#8221; row_type=&#8221;row&#8221; use_row_as_full_screen_section=&#8221;no&#8221; type=&#8221;grid&#8221; angled_section=&#8221;no&#8221; text_align=&#8221;left&#8221; background_image_as_pattern=&#8221;without_pattern&#8221; z_index=&#8221;&#8221; el_class=&#8221;over-top-section&#8221;][vc_column offset=&#8221;vc_col-lg-3 vc_col-md-6&#8243;][qode_elements_holder background_color=&#8221;#ffffff&#8221; number_of_columns=&#8221;one_column&#8221; alignment_one_column=&#8221;center&#8221; custom_class=&#8221;eh-with-shadow same-height&#8221;][qode_elements_holder_item vertical_alignment=&#8221;middle&#8221; horizontal_alignment=&#8221;center&#8221; advanced_animations=&#8221;no&#8221; item_padding=&#8221;63px 36px 50px 36px&#8221;][vc_single_image image=&#8221;494&#8243; img_size=&#8221;full&#8221; alignment=&#8221;center&#8221; qode_css_animation=&#8221;&#8221;][vc_empty_space height=&#8221;19px&#8221;][vc_column_text] TRANSPORT [\/vc_column_text][vc_empty_space height=&#8221;10px&#8221;][vc_column_text] Since 1996, Memphr\u00e9...\" \/>\n<meta property=\"og:url\" content=\"https:\/\/transportmemphre.com\/en\/\" \/>\n<meta property=\"og:site_name\" content=\"Transport Memphr\u00e9\" \/>\n<meta property=\"article:modified_time\" content=\"2026-03-18T19:15:25+00:00\" \/>\n<meta name=\"twitter:card\" content=\"summary_large_image\" \/>\n<meta name=\"twitter:label1\" content=\"Est. reading time\" \/>\n\t<meta name=\"twitter:data1\" content=\"6 minutes\" \/>\n<script type=\"application\/ld+json\" class=\"yoast-schema-graph\">{\"@context\":\"https:\/\/schema.org\",\"@graph\":[{\"@type\":\"WebPage\",\"@id\":\"https:\/\/transportmemphre.com\/en\/\",\"url\":\"https:\/\/transportmemphre.com\/en\/\",\"name\":\"Home - Transport Memphr\u00e9\",\"isPartOf\":{\"@id\":\"https:\/\/transportmemphre.com\/#website\"},\"datePublished\":\"2024-07-15T14:22:48+00:00\",\"dateModified\":\"2026-03-18T19:15:25+00:00\",\"breadcrumb\":{\"@id\":\"https:\/\/transportmemphre.com\/en\/#breadcrumb\"},\"inLanguage\":\"en-US\",\"potentialAction\":[{\"@type\":\"ReadAction\",\"target\":[\"https:\/\/transportmemphre.com\/en\/\"]}]},{\"@type\":\"BreadcrumbList\",\"@id\":\"https:\/\/transportmemphre.com\/en\/#breadcrumb\",\"itemListElement\":[{\"@type\":\"ListItem\",\"position\":1,\"name\":\"Accueil\",\"item\":\"https:\/\/transportmemphre.com\/en\/\"},{\"@type\":\"ListItem\",\"position\":2,\"name\":\"Home\"}]},{\"@type\":\"WebSite\",\"@id\":\"https:\/\/transportmemphre.com\/#website\",\"url\":\"https:\/\/transportmemphre.com\/\",\"name\":\"Transport Memphr\u00e9\",\"description\":\"Transport Memphr\u00e9\",\"potentialAction\":[{\"@type\":\"SearchAction\",\"target\":{\"@type\":\"EntryPoint\",\"urlTemplate\":\"https:\/\/transportmemphre.com\/?s={search_term_string}\"},\"query-input\":\"required name=search_term_string\"}],\"inLanguage\":\"en-US\"}]}<\/script>\n<!-- \/ Yoast SEO plugin. -->","yoast_head_json":{"title":"Home - Transport Memphr\u00e9","robots":{"index":"index","follow":"follow","max-snippet":"max-snippet:-1","max-image-preview":"max-image-preview:large","max-video-preview":"max-video-preview:-1"},"canonical":"https:\/\/transportmemphre.com\/en\/","og_locale":"en_US","og_type":"article","og_title":"Home - Transport Memphr\u00e9","og_description":"[vc_row css_animation=&#8221;&#8221; row_type=&#8221;row&#8221; use_row_as_full_screen_section=&#8221;no&#8221; type=&#8221;grid&#8221; angled_section=&#8221;no&#8221; text_align=&#8221;left&#8221; background_image_as_pattern=&#8221;without_pattern&#8221; z_index=&#8221;&#8221; el_class=&#8221;over-top-section&#8221;][vc_column offset=&#8221;vc_col-lg-3 vc_col-md-6&#8243;][qode_elements_holder background_color=&#8221;#ffffff&#8221; number_of_columns=&#8221;one_column&#8221; alignment_one_column=&#8221;center&#8221; custom_class=&#8221;eh-with-shadow same-height&#8221;][qode_elements_holder_item vertical_alignment=&#8221;middle&#8221; horizontal_alignment=&#8221;center&#8221; advanced_animations=&#8221;no&#8221; item_padding=&#8221;63px 36px 50px 36px&#8221;][vc_single_image image=&#8221;494&#8243; img_size=&#8221;full&#8221; alignment=&#8221;center&#8221; qode_css_animation=&#8221;&#8221;][vc_empty_space height=&#8221;19px&#8221;][vc_column_text] TRANSPORT [\/vc_column_text][vc_empty_space height=&#8221;10px&#8221;][vc_column_text] Since 1996, Memphr\u00e9...","og_url":"https:\/\/transportmemphre.com\/en\/","og_site_name":"Transport Memphr\u00e9","article_modified_time":"2026-03-18T19:15:25+00:00","twitter_card":"summary_large_image","twitter_misc":{"Est. reading time":"6 minutes"},"schema":{"@context":"https:\/\/schema.org","@graph":[{"@type":"WebPage","@id":"https:\/\/transportmemphre.com\/en\/","url":"https:\/\/transportmemphre.com\/en\/","name":"Home - Transport Memphr\u00e9","isPartOf":{"@id":"https:\/\/transportmemphre.com\/#website"},"datePublished":"2024-07-15T14:22:48+00:00","dateModified":"2026-03-18T19:15:25+00:00","breadcrumb":{"@id":"https:\/\/transportmemphre.com\/en\/#breadcrumb"},"inLanguage":"en-US","potentialAction":[{"@type":"ReadAction","target":["https:\/\/transportmemphre.com\/en\/"]}]},{"@type":"BreadcrumbList","@id":"https:\/\/transportmemphre.com\/en\/#breadcrumb","itemListElement":[{"@type":"ListItem","position":1,"name":"Accueil","item":"https:\/\/transportmemphre.com\/en\/"},{"@type":"ListItem","position":2,"name":"Home"}]},{"@type":"WebSite","@id":"https:\/\/transportmemphre.com\/#website","url":"https:\/\/transportmemphre.com\/","name":"Transport Memphr\u00e9","description":"Transport Memphr\u00e9","potentialAction":[{"@type":"SearchAction","target":{"@type":"EntryPoint","urlTemplate":"https:\/\/transportmemphre.com\/?s={search_term_string}"},"query-input":"required name=search_term_string"}],"inLanguage":"en-US"}]}},"_links":{"self":[{"href":"https:\/\/transportmemphre.com\/en\/wp-json\/wp\/v2\/pages\/1291","targetHints":{"allow":["GET"]}}],"collection":[{"href":"https:\/\/transportmemphre.com\/en\/wp-json\/wp\/v2\/pages"}],"about":[{"href":"https:\/\/transportmemphre.com\/en\/wp-json\/wp\/v2\/types\/page"}],"author":[{"embeddable":true,"href":"https:\/\/transportmemphre.com\/en\/wp-json\/wp\/v2\/users\/1"}],"replies":[{"embeddable":true,"href":"https:\/\/transportmemphre.com\/en\/wp-json\/wp\/v2\/comments?post=1291"}],"version-history":[{"count":6,"href":"https:\/\/transportmemphre.com\/en\/wp-json\/wp\/v2\/pages\/1291\/revisions"}],"predecessor-version":[{"id":1674,"href":"https:\/\/transportmemphre.com\/en\/wp-json\/wp\/v2\/pages\/1291\/revisions\/1674"}],"wp:attachment":[{"href":"https:\/\/transportmemphre.com\/en\/wp-json\/wp\/v2\/media?parent=1291"}],"curies":[{"name":"wp","href":"https:\/\/api.w.org\/{rel}","templated":true}]}}